{"id":604,"date":"2025-01-02T14:50:53","date_gmt":"2025-01-02T14:50:53","guid":{"rendered":"https:\/\/tiendadebordadosadrian.com\/?page_id=604"},"modified":"2025-01-27T23:42:33","modified_gmt":"2025-01-27T23:42:33","slug":"aviso-legal","status":"publish","type":"page","link":"https:\/\/tiendadebordadosadrian.com\/index.php\/aviso-legal\/","title":{"rendered":"Aviso Legal"},"content":{"rendered":"<p><strong>Aviso Legal<\/strong><\/p><p>En cumplimiento con lo dispuesto en la Ley 34\/2002, de 11 de julio, de Servicios de la Sociedad de la Informaci\u00f3n y de Comercio Electr\u00f3nico (LSSI-CE), se informa de los siguientes datos relativos al titular del sitio web:<\/p><p><strong>Titular:<\/strong> Estera Martiniuc<br><strong>NIF:<\/strong> X5169432K<br><strong>Direcci\u00f3n:<\/strong> Calle Ribadavia 33, Local 5,Fuencarral-El Pardo, 28029 Madrid<br><strong>Tel\u00e9fono:<\/strong> 653 55 99 35<br><strong>Correo electr\u00f3nico:<\/strong> <a>ayuda@tiendadebordadosadrian.com<\/a><\/p><p>El acceso y uso de este sitio web implica la aceptaci\u00f3n de las presentes condiciones, reserv\u00e1ndose el titular el derecho a modificar en cualquier momento los contenidos, la presentaci\u00f3n o configuraci\u00f3n del mismo.<\/p><h3 class=\"wp-block-heading\"><strong>Objeto del Sitio Web<\/strong><\/h3><p>Este sitio web tiene como objetivo ofrecer informaci\u00f3n sobre los productos y servicios de nuestra tienda, realizar ventas online y facilitar el contacto con los clientes.<\/p><h3 class=\"wp-block-heading\"><strong>Condiciones de Uso<\/strong><\/h3><p>El usuario se compromete a hacer un uso adecuado de los contenidos y servicios ofrecidos, no emple\u00e1ndolos para actividades il\u00edcitas, ilegales o contrarias a la buena fe y al orden p\u00fablico.<\/p><h3 class=\"wp-block-heading\"><strong>Propiedad Intelectual<\/strong><\/h3><p>Todos los contenidos del sitio web, incluidos textos, im\u00e1genes, dise\u00f1o, logotipos, etc., est\u00e1n protegidos por derechos de propiedad intelectual y no podr\u00e1n ser utilizados sin la autorizaci\u00f3n expresa del titular.<\/p><h3 class=\"wp-block-heading\"><strong>Protecci\u00f3n de Datos<\/strong><\/h3><p>Para consultar nuestra pol\u00edtica de privacidad y conocer c\u00f3mo tratamos tus datos personales, por favor visita este enlace:<br><a href=\"https:\/\/tiendadebordadosadrian.com\/index.php\/privacy-policy\/\">Pol\u00edtica de Privacidad<\/a>.<\/p><h3 class=\"wp-block-heading\"><strong>Env\u00edos y Devoluciones<\/strong><\/h3><p>Para m\u00e1s informaci\u00f3n sobre las condiciones de env\u00edo, reembolsos y devoluciones, consulta este enlace:<br><a href=\"https:\/\/tiendadebordadosadrian.com\/index.php\/reembolso_devoluciones\/\">Reembolsos y Devoluciones<\/a>.<\/p><h3 class=\"wp-block-heading\"><strong>Env\u00edos y Responsabilidad<\/strong><\/h3><p>La tienda realiza env\u00edos de sus productos desde su ubicaci\u00f3n f\u00edsica. El titular no ser\u00e1 responsable por retrasos o incidencias derivadas de causas externas (transporte, aduanas, etc.), aunque se compromete a resolver cualquier incidencia en beneficio del cliente.<\/p><h3 class=\"wp-block-heading\"><strong>Uso de Cookies<\/strong><\/h3><p>Este sitio web utiliza cookies para mejorar la experiencia del usuario. Para m\u00e1s informaci\u00f3n, consulta nuestra <a href=\"https:\/\/tiendadebordadosadrian.com\/index.php\/privacy-policy\/\">Pol\u00edtica de Cookies<\/a>.<\/p><h3 class=\"wp-block-heading\"><strong>Legislaci\u00f3n Aplicable y Jurisdicci\u00f3n<\/strong><\/h3><p>Cualquier controversia que pudiera derivarse del acceso o uso de este sitio web se someter\u00e1 a los tribunales competentes de Espa\u00f1a, en la localidad del titular.<\/p><p>Para cualquier duda o consulta, puedes ponerte en contacto con nosotros a trav\u00e9s del correo electr\u00f3nico: <a>ayuda@tiendadebordadosadrian.com<\/a><\/p>","protected":false},"excerpt":{"rendered":"<p>Aviso Legal En cumplimiento con lo dispuesto en la Ley 34\/2002, de 11 de julio, de Servicios de la Sociedad de la Informaci\u00f3n y de Comercio Electr\u00f3nico (LSSI-CE), se informa de los siguientes datos relativos al titular del sitio web: Titular: Estera MartiniucNIF: X5169432KDirecci\u00f3n: Calle Ribadavia 33, Local 5,Fuencarral-El Pardo, 28029 MadridTel\u00e9fono: 653 55 99 [&hellip;]<\/p>\n","protected":false},"author":1,"featured_media":0,"parent":0,"menu_order":0,"comment_status":"closed","ping_status":"closed","template":"","meta":{"footnotes":""},"class_list":["post-604","page","type-page","status-publish","hentry"],"jetpack_sharing_enabled":true,"_links":{"self":[{"href":"https:\/\/tiendadebordadosadrian.com\/index.php\/wp-json\/wp\/v2\/pages\/604","targetHints":{"allow":["GET"]}}],"collection":[{"href":"https:\/\/tiendadebordadosadrian.com\/index.php\/wp-json\/wp\/v2\/pages"}],"about":[{"href":"https:\/\/tiendadebordadosadrian.com\/index.php\/wp-json\/wp\/v2\/types\/page"}],"author":[{"embeddable":true,"href":"https:\/\/tiendadebordadosadrian.com\/index.php\/wp-json\/wp\/v2\/users\/1"}],"replies":[{"embeddable":true,"href":"https:\/\/tiendadebordadosadrian.com\/index.php\/wp-json\/wp\/v2\/comments?post=604"}],"version-history":[{"count":3,"href":"https:\/\/tiendadebordadosadrian.com\/index.php\/wp-json\/wp\/v2\/pages\/604\/revisions"}],"predecessor-version":[{"id":710,"href":"https:\/\/tiendadebordadosadrian.com\/index.php\/wp-json\/wp\/v2\/pages\/604\/revisions\/710"}],"wp:attachment":[{"href":"https:\/\/tiendadebordadosadrian.com\/index.php\/wp-json\/wp\/v2\/media?parent=604"}],"curies":[{"name":"wp","href":"https:\/\/api.w.org\/{rel}","templated":true}]}}