{"id":550,"date":"2024-12-29T16:11:28","date_gmt":"2024-12-29T16:11:28","guid":{"rendered":"https:\/\/tiendadebordadosadrian.com\/?page_id=550"},"modified":"2025-01-02T15:12:03","modified_gmt":"2025-01-02T15:12:03","slug":"contacto","status":"publish","type":"page","link":"https:\/\/tiendadebordadosadrian.com\/index.php\/contacto\/","title":{"rendered":"Contacto"},"content":{"rendered":"<p><strong>\u00a1Estamos aqu\u00ed para ayudarte!<\/strong><br>Si tienes alguna pregunta, necesitas informaci\u00f3n sobre nuestros productos o quieres realizar un pedido personalizado, no dudes en ponerte en contacto con nosotros.<\/p><p>\ud83d\udcde <strong>Ll\u00e1manos o escr\u00edbenos por WhatsApp<\/strong> al <strong>653 55 99 35<\/strong>.<br>\ud83d\udce7 Tambi\u00e9n puedes enviarnos un correo electr\u00f3nico a <strong><a>ayuda@tiendadebordadosadrian.com<\/a><\/strong> y te responderemos lo antes posible.<\/p><p>Tu satisfacci\u00f3n es nuestra prioridad, as\u00ed que no dudes en escribirnos. \u00a1Estaremos encantados de atenderte!<\/p><p class='wp-call-button-block-button wp-call-button-block-button-center'><a class='wp-call-button-in-btn' href='tel:+34653559935' style='background-color:#85beff' ><svg x=\"0px\" y=\"0px\" width=\"459px\" height=\"459px\" viewBox=\"0 0 459 459\">\r\n\t\t\t\t<path\r\n\t\t\t\t\td=\"M91.8,198.9c35.7,71.4,96.9,130.05,168.3,168.3L316.2,311.1c7.649-7.649,17.85-10.199,25.5-5.1c28.05,10.2,58.649,15.3,91.8,15.3c15.3,0,25.5,10.2,25.5,25.5v86.7c0,15.3-10.2,25.5-25.5,25.5C193.8,459,0,265.2,0,25.5C0,10.2,10.2,0,25.5,0h89.25c15.3,0,25.5,10.2,25.5,25.5c0,30.6,5.1,61.2,15.3,91.8c2.55,7.65,0,17.85-5.1,25.5L91.8,198.9z\"\r\n\t\t\t\t\/>\r\n\t\t\t<\/svg> Ll\u00e1manos<\/a><\/p><p><\/p>","protected":false},"excerpt":{"rendered":"<p>\u00a1Estamos aqu\u00ed para ayudarte!Si tienes alguna pregunta, necesitas informaci\u00f3n sobre nuestros productos o quieres realizar un pedido personalizado, no dudes en ponerte en contacto con nosotros. \ud83d\udcde Ll\u00e1manos o escr\u00edbenos por WhatsApp al 653 55 99 35.\ud83d\udce7 Tambi\u00e9n puedes enviarnos un correo electr\u00f3nico a ayuda@tiendadebordadosadrian.com y te responderemos lo antes posible. Tu satisfacci\u00f3n es nuestra [&hellip;]<\/p>\n","protected":false},"author":1,"featured_media":0,"parent":0,"menu_order":0,"comment_status":"closed","ping_status":"closed","template":"","meta":{"footnotes":""},"class_list":["post-550","page","type-page","status-publish","hentry"],"jetpack_sharing_enabled":true,"_links":{"self":[{"href":"https:\/\/tiendadebordadosadrian.com\/index.php\/wp-json\/wp\/v2\/pages\/550","targetHints":{"allow":["GET"]}}],"collection":[{"href":"https:\/\/tiendadebordadosadrian.com\/index.php\/wp-json\/wp\/v2\/pages"}],"about":[{"href":"https:\/\/tiendadebordadosadrian.com\/index.php\/wp-json\/wp\/v2\/types\/page"}],"author":[{"embeddable":true,"href":"https:\/\/tiendadebordadosadrian.com\/index.php\/wp-json\/wp\/v2\/users\/1"}],"replies":[{"embeddable":true,"href":"https:\/\/tiendadebordadosadrian.com\/index.php\/wp-json\/wp\/v2\/comments?post=550"}],"version-history":[{"count":2,"href":"https:\/\/tiendadebordadosadrian.com\/index.php\/wp-json\/wp\/v2\/pages\/550\/revisions"}],"predecessor-version":[{"id":615,"href":"https:\/\/tiendadebordadosadrian.com\/index.php\/wp-json\/wp\/v2\/pages\/550\/revisions\/615"}],"wp:attachment":[{"href":"https:\/\/tiendadebordadosadrian.com\/index.php\/wp-json\/wp\/v2\/media?parent=550"}],"curies":[{"name":"wp","href":"https:\/\/api.w.org\/{rel}","templated":true}]}}