{"id":720,"date":"2025-01-27T23:57:45","date_gmt":"2025-01-27T23:57:45","guid":{"rendered":"https:\/\/tiendadebordadosadrian.com\/?post_type=product&#038;p=720"},"modified":"2025-05-21T19:49:17","modified_gmt":"2025-05-21T19:49:17","slug":"cojin-con-plumas","status":"publish","type":"product","link":"http:\/\/tiendadebordadosadrian.com\/index.php\/producto\/cojin-con-plumas\/","title":{"rendered":"Coj\u00edn con Plumas"},"content":{"rendered":"<p>Este coj\u00edn suave y acogedor, decorado con plumas, es el complemento perfecto para tu hogar. Personal\u00edzalo con tus iniciales, letras o incluso una imagen peque\u00f1a para hacerlo \u00fanico.<\/p>\n<p><strong>Personalizaci\u00f3n Exclusiva<\/strong>: Ind\u00edcanos tus letras o imagen en \u00abA\u00f1adir anotaci\u00f3n\u00bb al comprar o ponte en contacto con nosotros, incluyendo tu n\u00famero de pedido.<br \/>\n<strong>Estilo y Comodidad<\/strong>: Dise\u00f1o elegante con plumas para dar un toque sofisticado a cualquier espacio.<br \/>\n<strong>El Detalle Perfecto<\/strong>: Ideal como regalo \u00fanico y personalizado para alguien especial.<\/p>\n<p><em>Nota<\/em>: La personalizaci\u00f3n debe ser especificada al realizar tu pedido. Hazlo \u00fanico, hazlo tuyo.<\/p>\n","protected":false},"excerpt":{"rendered":"<p>A\u00f1ade tus iniciales, letras o una imagen peque\u00f1a para un dise\u00f1o \u00fanico. Ind\u00edcalo en \u00abA\u00f1adir anotaci\u00f3n\u00bb o cont\u00e1ctanos con tu n\u00famero de pedido. \u00a1Hazlo especial!<\/p>\n","protected":false},"featured_media":670,"comment_status":"open","ping_status":"closed","template":"","meta":[],"product_brand":[],"product_cat":[67],"product_tag":[68,51,66],"class_list":{"0":"post-720","1":"product","2":"type-product","3":"status-publish","4":"has-post-thumbnail","6":"product_cat-cojines","7":"product_tag-cojines","8":"product_tag-letras","9":"product_tag-personalizadas","11":"first","12":"instock","13":"taxable","14":"shipping-taxable","15":"purchasable","16":"product-type-simple"},"jetpack_sharing_enabled":true,"_links":{"self":[{"href":"http:\/\/tiendadebordadosadrian.com\/index.php\/wp-json\/wp\/v2\/product\/720","targetHints":{"allow":["GET"]}}],"collection":[{"href":"http:\/\/tiendadebordadosadrian.com\/index.php\/wp-json\/wp\/v2\/product"}],"about":[{"href":"http:\/\/tiendadebordadosadrian.com\/index.php\/wp-json\/wp\/v2\/types\/product"}],"replies":[{"embeddable":true,"href":"http:\/\/tiendadebordadosadrian.com\/index.php\/wp-json\/wp\/v2\/comments?post=720"}],"wp:featuredmedia":[{"embeddable":true,"href":"http:\/\/tiendadebordadosadrian.com\/index.php\/wp-json\/wp\/v2\/media\/670"}],"wp:attachment":[{"href":"http:\/\/tiendadebordadosadrian.com\/index.php\/wp-json\/wp\/v2\/media?parent=720"}],"wp:term":[{"taxonomy":"product_brand","embeddable":true,"href":"http:\/\/tiendadebordadosadrian.com\/index.php\/wp-json\/wp\/v2\/product_brand?post=720"},{"taxonomy":"product_cat","embeddable":true,"href":"http:\/\/tiendadebordadosadrian.com\/index.php\/wp-json\/wp\/v2\/product_cat?post=720"},{"taxonomy":"product_tag","embeddable":true,"href":"http:\/\/tiendadebordadosadrian.com\/index.php\/wp-json\/wp\/v2\/product_tag?post=720"}],"curies":[{"name":"wp","href":"https:\/\/api.w.org\/{rel}","templated":true}]}}